{"id":238,"date":"2018-11-08T10:11:56","date_gmt":"2018-11-08T10:11:56","guid":{"rendered":"http:\/\/192.168.0.250\/business\/?page_id=238"},"modified":"2024-11-21T09:09:17","modified_gmt":"2024-11-21T09:09:17","slug":"anasayfa","status":"publish","type":"page","link":"https:\/\/www.transmedgida.com\/","title":{"rendered":"Anasayfa"},"content":{"rendered":"<p>[vc_row full_width=&#8221;stretch_row&#8221; content_placement=&#8221;middle&#8221; css=&#8221;.vc_custom_1542879425730{padding-top: 0px !important;padding-bottom: 0px !important;background-color: #28406d !important;background-position: 0 0 !important;background-repeat: repeat !important;}&#8221; el_class=&#8221;mpt-30 mpb-30&#8243;][vc_column css_animation=&#8221;none&#8221; width=&#8221;1\/4&#8243;]\r\n        <div class=\"rs-heading   vc_custom_1595871192941  text-center\">\r\n        \t<div class=\"title-inner\">\r\n\t            <span style=\"color: #ffffff\" class=\"sub-text\">[Transmed Bayiliklerimiz]<\/span>\r\n\t            \r\n\t            \r\n\t        <\/div><\/div>[\/vc_column][vc_column width=&#8221;3\/4&#8243;]<div class=\"rs-partner  vc_custom_1595932902057 \">           \r\n\t\t\t\t\t<div class=\"partner-carousel owl-carousel\" data-carousel-options=\"{&quot;nav&quot;:true,&quot;navText&quot;:[&quot;&lt;i class=&#039;fa fa-angle-left&#039;&gt;&lt;\\\/i&gt;&quot;,&quot;&lt;i class=&#039;fa fa-angle-right&#039;&gt;&lt;\\\/i&gt;&quot;],&quot;dots&quot;:false,&quot;autoplay&quot;:true,&quot;autoplayTimeout&quot;:&quot;5000&quot;,&quot;autoplaySpeed&quot;:&quot;200&quot;,&quot;autoplayHoverPause&quot;:true,&quot;loop&quot;:true,&quot;margin&quot;:30,&quot;responsive&quot;:{&quot;0&quot;:{&quot;items&quot;:&quot;1&quot;},&quot;480&quot;:{&quot;items&quot;:&quot;2&quot;},&quot;768&quot;:{&quot;items&quot;:&quot;3&quot;},&quot;992&quot;:{&quot;items&quot;:&quot;4&quot;},&quot;1200&quot;:{&quot;items&quot;:&quot;4&quot;}}}\"><div class=\"partner-item\">\r\n\t\t\t\t<a href=\"\" target=\"_blank\"><img decoding=\"async\" src=\"https:\/\/www.transmedgida.com\/wp-content\/uploads\/2018\/11\/6-1.png\" alt=\"tavadatavuk\"><\/a>\r\n\t\t\t\t<\/div><div class=\"partner-item\">\r\n\t\t\t\t<a href=\"\" target=\"_blank\"><img decoding=\"async\" src=\"https:\/\/www.transmedgida.com\/wp-content\/uploads\/2018\/11\/1-1.png\" alt=\"aygaz\"><\/a>\r\n\t\t\t\t<\/div><div class=\"partner-item\">\r\n\t\t\t\t<a href=\"\" target=\"_blank\"><img decoding=\"async\" src=\"https:\/\/www.transmedgida.com\/wp-content\/uploads\/2018\/11\/5-2.png\" alt=\"istikbal\"><\/a>\r\n\t\t\t\t<\/div><div class=\"partner-item\">\r\n\t\t\t\t<a href=\"\" target=\"_blank\"><img decoding=\"async\" src=\"https:\/\/www.transmedgida.com\/wp-content\/uploads\/2018\/11\/4.png\" alt=\"beko\"><\/a>\r\n\t\t\t\t<\/div><div class=\"partner-item\">\r\n\t\t\t\t<a href=\"\" target=\"_blank\"><img decoding=\"async\" src=\"https:\/\/www.transmedgida.com\/wp-content\/uploads\/2020\/07\/7.png\" alt=\"coca cola\"><\/a>\r\n\t\t\t\t<\/div><\/div>\r\n\t<\/div>[\/vc_column][\/vc_row][vc_row full_width=&#8221;stretch_row&#8221; content_placement=&#8221;middle&#8221; parallax=&#8221;content-moving&#8221; parallax_image=&#8221;627&#8243; css=&#8221;.vc_custom_1542609842417{padding-top: 65px !important;padding-bottom: 65px !important;}&#8221;][vc_column css_animation=&#8221;none&#8221; width=&#8221;1\/2&#8243;][vc_single_image image=&#8221;4005&#8243; img_size=&#8221;full&#8221; style=&#8221;vc_box_rounded&#8221;][\/vc_column][vc_column width=&#8221;1\/2&#8243; css=&#8221;.vc_custom_1544088861967{padding-top: 0px !important;padding-left: 50px !important;}&#8221;]\r\n        <div class=\"rs-heading   vc_custom_1595871515025 mmb-30 \">\r\n        \t<div class=\"title-inner\">\r\n\t            <span style=\"color: #28406d\" class=\"sub-text\">[Hakk\u0131m\u0131zda]<\/span>\r\n\t            <h2 class=\"title\">Transmed G\u0131da olarak 2002 y\u0131l\u0131nda ticarete ba\u015flam\u0131\u015ft\u0131r.<\/h2>\r\n\t            \r\n\t        <\/div><\/div>[vc_tta_accordion shape=&#8221;square&#8221; color=&#8221;white&#8221; active_section=&#8221;1&#8243;][vc_tta_section title=&#8221;Firma Tan\u0131t\u0131m&#8221; tab_id=&#8221;feedback&#8221;][vc_column_text]Erzurum ilinde Coca-Cola B\u00f6lge Bayi &#8211; Erzurum MNG AVM Tavada Tavuk ve Tekman il\u00e7esinde Aygaz &#8211; \u0130stikbal &#8211; Beko bayilikleri \u015firketimiz b\u00fcnyesinde s\u00fcrd\u00fcr\u00fclmektedir.[\/vc_column_text][\/vc_tta_section][\/vc_tta_accordion]<div class=\"rs-btn btn-left\">\r\n\t<a data-onhovercolor=\"#222222\" data-onhoverbg=\"\" data-onleavebg=\"\" data-onleavecolor=\"\" class=\"readon rs_button \" href=\"#\" style =\"font-size:18px;\">\u0130leti\u015fime Ge\u00e7<\/a>\r\n<\/div>\r\n\r\n[\/vc_column][\/vc_row][vc_row full_width=&#8221;stretch_row&#8221; content_placement=&#8221;middle&#8221; css=&#8221;.vc_custom_1542443423538{padding-top: 100px !important;padding-bottom: 100px !important;background-image: url(https:\/\/rstheme.com\/products\/wordpress\/finoptis\/wp-content\/uploads\/2018\/11\/call-to-action.jpg?id=1109) !important;background-position: center !important;background-repeat: no-repeat !important;background-size: cover !important;}&#8221;][vc_column width=&#8221;1\/2&#8243; css=&#8221;.vc_custom_1542784966797{padding-top: 0px !important;}&#8221;][vc_row_inner css=&#8221;.vc_custom_1545304777733{padding-right: 40px !important;padding-bottom: 30px !important;}&#8221;][vc_column_inner el_class=&#8221;mmb-30&#8243; width=&#8221;1\/2&#8243;]\n    <div class=\"counter-top-area text-center \"   style=\"background-image: url(https:\/\/www.transmedgida.com\/wp-content\/uploads\/2018\/11\/dark-mosaic.png)\" >\n\n    <div class=\"rs-counter-list\">\n        \n    <div class=\"count-text\"><div style=\"margin-top:0px; margin-bottom:4px; color:#e2c606\" class=\"count-number\">\n    <span style=\"font-size:60px; line-height:60px; color:#e2c606\" class=\"rs-counter\"> 100<\/span> <span style=\"color:#e2c606\"><span style=\"font-size:20px; line-height:20px\">%<\/span><\/span><\/div>         \n        <h4  style=\"color: #ffffff\"><span  style=\"font-size: 20px; line-height: 20px!important\">M\u00fc\u015fteri Memnuniyeti<\/span><\/h4><\/div>\n    <\/div><\/div>[\/vc_column_inner][vc_column_inner width=&#8221;1\/2&#8243;]\n    <div class=\"counter-top-area text-center \"   style=\"background-image: url(https:\/\/www.transmedgida.com\/wp-content\/uploads\/2018\/11\/dark-mosaic.png)\" >\n\n    <div class=\"rs-counter-list\">\n        \n    <div class=\"count-text\"><div style=\"margin-top:0px; margin-bottom:4px; color:#e2c606\" class=\"count-number\">\n    <span style=\"font-size:60px; line-height:60px; color:#e2c606\" class=\"rs-counter\"> 125<\/span> <span style=\"color:#e2c606\"><\/span><\/div>         \n        <h4  style=\"color: #ffffff\"><span  style=\"font-size: 20px; line-height: 20px!important\">Ara\u00e7 Filosu<\/span><\/h4><\/div>\n    <\/div><\/div>[\/vc_column_inner][\/vc_row_inner][vc_row_inner css=&#8221;.vc_custom_1545304818805{padding-right: 40px !important;}&#8221;][vc_column_inner el_class=&#8221;mmb-30&#8243; width=&#8221;1\/2&#8243;]\n    <div class=\"counter-top-area text-center \"   style=\"background-image: url(https:\/\/www.transmedgida.com\/wp-content\/uploads\/2018\/11\/dark-mosaic.png)\" >\n\n    <div class=\"rs-counter-list\">\n        \n    <div class=\"count-text\"><div style=\"margin-top:0px; margin-bottom:4px; color:#e2c606\" class=\"count-number\">\n    <span style=\"font-size:60px; line-height:60px; color:#e2c606\" class=\"rs-counter\"> 5<\/span> <span style=\"color:#e2c606\"><span style=\"font-size:20px; line-height:20px\">bin<\/span><\/span><\/div>         \n        <h4  style=\"color: #ffffff\"><span  style=\"font-size: 20px; line-height: 20px!important\">Kapal\u0131 Alan<\/span><\/h4><\/div>\n    <\/div><\/div>[\/vc_column_inner][vc_column_inner width=&#8221;1\/2&#8243;]\n    <div class=\"counter-top-area text-center \"   style=\"background-image: url(https:\/\/www.transmedgida.com\/wp-content\/uploads\/2018\/11\/dark-mosaic.png)\" >\n\n    <div class=\"rs-counter-list\">\n        \n    <div class=\"count-text\"><div style=\"margin-top:0px; margin-bottom:4px; color:#e2c606\" class=\"count-number\">\n    <span style=\"font-size:60px; line-height:60px; color:#e2c606\" class=\"rs-counter\"> 1851<\/span> <span style=\"color:#e2c606\"><\/span><\/div>         \n        <h4  style=\"color: #ffffff\"><span  style=\"font-size: 20px; line-height: 20px!important\">Mutlu M\u00fc\u015fteri<\/span><\/h4><\/div>\n    <\/div><\/div>[\/vc_column_inner][\/vc_row_inner][\/vc_column][vc_column width=&#8221;1\/2&#8243; css=&#8221;.vc_custom_1542784961365{padding-top: 0px !important;}&#8221;]\r\n        <div class=\"rs-heading style3 light  vc_custom_1595872263208  \">\r\n        \t<div class=\"title-inner\">\r\n\t            <span style=\"color: #e2c60c\" class=\"sub-text\">[1998'den Beri]<\/span>\r\n\t            <h2 class=\"title\" style=\"color: #ffffff !important\">\u0130\u015f Geli\u015ftirme Deneyimi<\/h2>\r\n\t            \r\n\t        <\/div><div class=\"description\"><p  style=\"color: #ffffff\">Sizlere daha iyi hizmet edebilmek ad\u0131na kendini geli\u015ftiren tecr\u00fcbeli y\u00f6neticilerimiz ve personellerimizle Erzurum ve Do\u011fu Anadolu b\u00f6lgemizde m\u00fc\u015fterilerimize hizmet vermekteyiz.<\/p><\/div><\/div><div class=\"rs-btn btn-left\">\r\n\t<a data-onhovercolor=\"#222222\" data-onhoverbg=\"\" data-onleavebg=\"#e2c60c\" data-onleavecolor=\"#212121\" class=\"readon rs_button \" href=\"#\" style =\"color:#212121;font-size:18px;background:#e2c60c;\">Hakk\u0131m\u0131zda<\/a>\r\n<\/div>\r\n\r\n[\/vc_column][\/vc_row][vc_row full_width=&#8221;stretch_row&#8221; content_placement=&#8221;middle&#8221; css=&#8221;.vc_custom_1542182750427{padding-top: 0px !important;padding-bottom: 0px !important;background-image: url(https:\/\/rstheme.com\/products\/wordpress\/finoptis\/wp-content\/uploads\/2018\/11\/testimonials_bg.jpg?id=1058) !important;background-position: center !important;background-repeat: no-repeat !important;background-size: cover !important;}&#8221; el_class=&#8221;testimonial-light overflow-show&#8221;][vc_column width=&#8221;5\/12&#8243; el_class=&#8221;overlap-form&#8221; css=&#8221;.vc_custom_1542181016704{padding-top: 0px !important;padding-right: 30px !important;}&#8221;]\r\n        <div class=\"rs-heading style4  vc_custom_1595872314155  text-center\">\r\n        \t<div class=\"title-inner\">\r\n\t            \r\n\t            <h2 class=\"title\" style=\"color: #28406d !important\">GER\u0130 B\u0130LD\u0130R\u0130M \u0130STEK<\/h2>\r\n\t            \r\n\t        <\/div><\/div><div role=\"form\" class=\"wpcf7\" id=\"wpcf7-f1116-o1\" lang=\"en-US\" dir=\"ltr\">\n<div class=\"screen-reader-response\" role=\"alert\" aria-live=\"polite\"><\/div>\n<form action=\"\/index.php\/wp-json\/wp\/v2\/pages\/238#wpcf7-f1116-o1\" method=\"post\" class=\"wpcf7-form init\" novalidate=\"novalidate\">\n<div style=\"display: none;\">\n<input type=\"hidden\" name=\"_wpcf7\" value=\"1116\" \/>\n<input type=\"hidden\" name=\"_wpcf7_version\" value=\"5.2.1\" \/>\n<input type=\"hidden\" name=\"_wpcf7_locale\" value=\"en_US\" \/>\n<input type=\"hidden\" name=\"_wpcf7_unit_tag\" value=\"wpcf7-f1116-o1\" \/>\n<input type=\"hidden\" name=\"_wpcf7_container_post\" value=\"0\" \/>\n<input type=\"hidden\" name=\"_wpcf7_posted_data_hash\" value=\"\" \/>\n<\/div>\n<p><span class=\"wpcf7-form-control-wrap your-name\"><input type=\"text\" name=\"your-name\" value=\"\" size=\"40\" class=\"wpcf7-form-control wpcf7-text wpcf7-validates-as-required\" aria-required=\"true\" aria-invalid=\"false\" placeholder=\"Ad\u0131n\u0131z\" \/><\/span> <\/p>\n<p><span class=\"wpcf7-form-control-wrap your-email\"><input type=\"email\" name=\"your-email\" value=\"\" size=\"40\" class=\"wpcf7-form-control wpcf7-text wpcf7-email wpcf7-validates-as-required wpcf7-validates-as-email\" aria-required=\"true\" aria-invalid=\"false\" placeholder=\"Email Adresiniz\" \/><\/span><\/p>\n<p><span class=\"wpcf7-form-control-wrap your-phone\"><input type=\"text\" name=\"your-phone\" value=\"\" size=\"40\" class=\"wpcf7-form-control wpcf7-text\" aria-invalid=\"false\" placeholder=\"Telefon Numara\" \/><\/span><\/p>\n<p><span class=\"wpcf7-form-control-wrap your-message\"><textarea name=\"your-message\" cols=\"40\" rows=\"10\" class=\"wpcf7-form-control wpcf7-textarea\" aria-invalid=\"false\" placeholder=\"Mesaj\u0131n\u0131z\"><\/textarea><\/span><\/p>\n<p class=\"submit-btn\"><input type=\"submit\" value=\"G\u00f6nder\" class=\"wpcf7-form-control wpcf7-submit\" \/><i class=\"fa fa-chevron-right\"><\/i><\/p>\n<div class=\"wpcf7-response-output\" role=\"alert\" aria-hidden=\"true\"><\/div><\/form><\/div>[\/vc_column][vc_column width=&#8221;7\/12&#8243; css=&#8221;.vc_custom_1543466494192{padding-top: 100px !important;padding-bottom: 100px !important;padding-left: 30px !important;}&#8221; el_class=&#8221;testimonials-home1&#8243;]\r\n        <div class=\"rs-heading style3 light  vc_custom_1595872395213  \">\r\n        \t<div class=\"title-inner\">\r\n\t            <span style=\"color: #e2c60c\" class=\"sub-text\">[G\u00f6r\u00fc\u015fler]<\/span>\r\n\t            <h2 class=\"title\" style=\"color: #ffffff !important\">M\u00fc\u015fterimiz Ne Diyor<\/h2>\r\n\t            \r\n\t        <\/div><\/div><div id=\"cl-testimonial\" class=\"cl-testimonial cl-testimonial3  \">\r\n\t\t\t   \t\t<div class=\"container2 hide_arrow\">                \r\n\t\t\t\t\t\t<ul class=\"testimonial-slide7 slider7\"><li class=\"testimonial-item\">\r\n\t\t\t\t\t\t\t\t<div class=\"single-testimonial\">\r\n\t\t\t\t\t\t\t\t<div class=\"testimonial-content testimonial-left\" style=\"color:#111111; background:#ffffff\">\r\n\t\t\t\t\t\t\t\t\t<img decoding=\"async\" src=\"https:\/\/www.transmedgida.com\/wp-content\/uploads\/2020\/07\/favicon.png\" alt=\"Client Image\">\t\t\t\t\t\t\t\t\t\r\n\t\t\t\t\t\t\t\t<\/div>\r\n\t\t\t\t\t\t\t\t<div class=\"right-content image-testimonial\">\r\n\t\t\t\t\t\t\t\t\t<i class=\"fa fa-quote-left\" style=\"color:#28406d\"><\/i>\r\n\t\t\t\t\t\t\t\t\t<p>Kurumsal bir yap\u0131da olan Transmed hizmet noktas\u0131nda t\u00fcm problerimizi an\u0131nda \u00e7\u00f6z\u00fcme ula\u015ft\u0131rmaktad\u0131r.<\/p>\r\n\t\t\t\t\t\t\t\t\t<ul class=\"cl-author-info\">\r\n\t\t\t\t\t\t\t\t\t\t<li >Y\u00f6netici<\/li>\r\n\t\t\t\t\t\t\t\t\t\t<li style=\"color: #555555\">Manager<\/li><\/ul>\t\t\t\r\n\t\t\t\t\t\t\t\t<\/div>\r\n\t\t\t\t\t\t\t\t\r\n\t\t\t\t\t\t\t\t<\/div>\r\n\t\t\t\t\t\t\t\t\r\n\t\t\t\t\t\t\t\t<\/li><li class=\"testimonial-item\">\r\n\t\t\t\t\t\t\t\t<div class=\"single-testimonial\">\r\n\t\t\t\t\t\t\t\t<div class=\"testimonial-content testimonial-left\" style=\"color:#111111; background:#ffffff\">\r\n\t\t\t\t\t\t\t\t\t<img decoding=\"async\" src=\"https:\/\/www.transmedgida.com\/wp-content\/uploads\/2020\/07\/favicon.png\" alt=\"Client Image\">\t\t\t\t\t\t\t\t\t\r\n\t\t\t\t\t\t\t\t<\/div>\r\n\t\t\t\t\t\t\t\t<div class=\"right-content image-testimonial\">\r\n\t\t\t\t\t\t\t\t\t<i class=\"fa fa-quote-left\" style=\"color:#28406d\"><\/i>\r\n\t\t\t\t\t\t\t\t\t<p>Kurumsal bir yap\u0131da olan Transmed hizmet noktas\u0131nda t\u00fcm problerimizi an\u0131nda \u00e7\u00f6z\u00fcme ula\u015ft\u0131rmaktad\u0131r.<\/p>\r\n\t\t\t\t\t\t\t\t\t<ul class=\"cl-author-info\">\r\n\t\t\t\t\t\t\t\t\t\t<li >Y\u00f6netici<\/li>\r\n\t\t\t\t\t\t\t\t\t\t<li style=\"color: #555555\">Designer<\/li><\/ul>\t\t\t\r\n\t\t\t\t\t\t\t\t<\/div>\r\n\t\t\t\t\t\t\t\t\r\n\t\t\t\t\t\t\t\t<\/div>\r\n\t\t\t\t\t\t\t\t\r\n\t\t\t\t\t\t\t\t<\/li><li class=\"testimonial-item\">\r\n\t\t\t\t\t\t\t\t<div class=\"single-testimonial\">\r\n\t\t\t\t\t\t\t\t<div class=\"testimonial-content testimonial-left\" style=\"color:#111111; background:#ffffff\">\r\n\t\t\t\t\t\t\t\t\t<img decoding=\"async\" src=\"https:\/\/www.transmedgida.com\/wp-content\/uploads\/2020\/07\/favicon.png\" alt=\"Client Image\">\t\t\t\t\t\t\t\t\t\r\n\t\t\t\t\t\t\t\t<\/div>\r\n\t\t\t\t\t\t\t\t<div class=\"right-content image-testimonial\">\r\n\t\t\t\t\t\t\t\t\t<i class=\"fa fa-quote-left\" style=\"color:#28406d\"><\/i>\r\n\t\t\t\t\t\t\t\t\t<p>Kurumsal bir yap\u0131da olan Transmed hizmet noktas\u0131nda t\u00fcm problerimizi an\u0131nda \u00e7\u00f6z\u00fcme ula\u015ft\u0131rmaktad\u0131r.<\/p>\r\n\t\t\t\t\t\t\t\t\t<ul class=\"cl-author-info\">\r\n\t\t\t\t\t\t\t\t\t\t<li >Y\u00f6netici<\/li>\r\n\t\t\t\t\t\t\t\t\t\t<li style=\"color: #555555\">Manager<\/li><\/ul>\t\t\t\r\n\t\t\t\t\t\t\t\t<\/div>\r\n\t\t\t\t\t\t\t\t\r\n\t\t\t\t\t\t\t\t<\/div>\r\n\t\t\t\t\t\t\t\t\r\n\t\t\t\t\t\t\t\t<\/li><li class=\"testimonial-item\">\r\n\t\t\t\t\t\t\t\t<div class=\"single-testimonial\">\r\n\t\t\t\t\t\t\t\t<div class=\"testimonial-content testimonial-left\" style=\"color:#111111; background:#ffffff\">\r\n\t\t\t\t\t\t\t\t\t<img decoding=\"async\" src=\"https:\/\/www.transmedgida.com\/wp-content\/uploads\/2020\/07\/favicon.png\" alt=\"Client Image\">\t\t\t\t\t\t\t\t\t\r\n\t\t\t\t\t\t\t\t<\/div>\r\n\t\t\t\t\t\t\t\t<div class=\"right-content image-testimonial\">\r\n\t\t\t\t\t\t\t\t\t<i class=\"fa fa-quote-left\" style=\"color:#28406d\"><\/i>\r\n\t\t\t\t\t\t\t\t\t<p>Her zaman destek olan \u015firket y\u00f6neticilerimize ve ayn\u0131 zamanda \u00e7al\u0131\u015fan personellere te\u015fekk\u00fcrler.<\/p>\r\n\t\t\t\t\t\t\t\t\t<ul class=\"cl-author-info\">\r\n\t\t\t\t\t\t\t\t\t\t<li >Y\u00f6netici<\/li>\r\n\t\t\t\t\t\t\t\t\t\t<li style=\"color: #555555\">Founder<\/li><\/ul>\t\t\t\r\n\t\t\t\t\t\t\t\t<\/div>\r\n\t\t\t\t\t\t\t\t\r\n\t\t\t\t\t\t\t\t<\/div>\r\n\t\t\t\t\t\t\t\t\r\n\t\t\t\t\t\t\t\t<\/li><\/ul><\/div>\r\n\t\t\t<\/div>[\/vc_column][\/vc_row]<\/p>\n","protected":false},"excerpt":{"rendered":"<p>[vc_row full_width=&#8221;stretch_row&#8221; content_placement=&#8221;middle&#8221; css=&#8221;.vc_custom_1542879425730{padding-top: 0px !important;padding-bottom: 0px !important;background-color: #28406d !important;background-position: 0 0 !important;background-repeat: repeat !important;}&#8221; el_class=&#8221;mpt-30 mpb-30&#8243;][vc_column css_animation=&#8221;none&#8221; width=&#8221;1\/4&#8243;][\/vc_column][vc_column width=&#8221;3\/4&#8243;][\/vc_column][\/vc_row][vc_row full_width=&#8221;stretch_row&#8221; content_placement=&#8221;middle&#8221;&#8230;<\/p>\n","protected":false},"author":1,"featured_media":3820,"parent":0,"menu_order":0,"comment_status":"closed","ping_status":"closed","template":"","meta":{"footnotes":""},"class_list":["post-238","page","type-page","status-publish","has-post-thumbnail","hentry"],"_links":{"self":[{"href":"https:\/\/www.transmedgida.com\/index.php\/wp-json\/wp\/v2\/pages\/238"}],"collection":[{"href":"https:\/\/www.transmedgida.com\/index.php\/wp-json\/wp\/v2\/pages"}],"about":[{"href":"https:\/\/www.transmedgida.com\/index.php\/wp-json\/wp\/v2\/types\/page"}],"author":[{"embeddable":true,"href":"https:\/\/www.transmedgida.com\/index.php\/wp-json\/wp\/v2\/users\/1"}],"replies":[{"embeddable":true,"href":"https:\/\/www.transmedgida.com\/index.php\/wp-json\/wp\/v2\/comments?post=238"}],"version-history":[{"count":14,"href":"https:\/\/www.transmedgida.com\/index.php\/wp-json\/wp\/v2\/pages\/238\/revisions"}],"predecessor-version":[{"id":4037,"href":"https:\/\/www.transmedgida.com\/index.php\/wp-json\/wp\/v2\/pages\/238\/revisions\/4037"}],"wp:featuredmedia":[{"embeddable":true,"href":"https:\/\/www.transmedgida.com\/index.php\/wp-json\/wp\/v2\/media\/3820"}],"wp:attachment":[{"href":"https:\/\/www.transmedgida.com\/index.php\/wp-json\/wp\/v2\/media?parent=238"}],"curies":[{"name":"wp","href":"https:\/\/api.w.org\/{rel}","templated":true}]}}