{"id":2688,"date":"2018-11-21T11:54:53","date_gmt":"2018-11-21T11:54:53","guid":{"rendered":"http:\/\/192.168.0.250\/business\/?page_id=2688"},"modified":"2020-07-28T13:27:27","modified_gmt":"2020-07-28T13:27:27","slug":"hizmetlerimiz","status":"publish","type":"page","link":"http:\/\/www.transmedgida.com\/index.php\/hizmetlerimiz\/","title":{"rendered":"Hizmetlerimiz"},"content":{"rendered":"<p>[vc_row css=&#8221;.vc_custom_1544250760962{padding-top: 90px !important;padding-bottom: 70px !important;}&#8221;][vc_column]\r\n        <div class=\"rs-heading   vc_custom_1595938808338  \">\r\n        \t<div class=\"title-inner\">\r\n\t            \r\n\t            <h2 class=\"title\">Ne T\u00fcr Hizmetler Sunuyoruz<\/h2>\r\n\t            \r\n\t        <\/div><div class=\"description\"><p >Alan\u0131nda \u00f6nc\u00fc uzman kadromuzla sizlere daha iyi hizmet edebilmek i\u00e7in \u00e7al\u0131\u015f\u0131yoruz.<\/p><\/div><\/div>[vc_row_inner][vc_column_inner]<div class=\"rs-service-grid rs-service-style2  \">\r\n\t\t<div class=\"\"><div class=\"row\">\r\n\t\t\t\t\r\n\t\t\t\t<div class=\"col-md-4  col-xs-6 grid-item mb-30 \">\r\n                    <div class=\"service-item content-overlay\">\r\n                        <div class=\"service-img\">\r\n\r\n                        \t<img decoding=\"async\" src=\"http:\/\/www.transmedgida.com\/wp-content\/uploads\/2020\/08\/maxresdefault.png\" alt=\"Tavada Tavuk Erzurum\" \/><h3 class=\"p-title\">\r\n                        \t<span class=\"show_cate_ser\"> <a href=\"http:\/\/www.transmedgida.com\/index.php\/service-category\/tavada-tavuk\/\" rel=\"tag\">Tavada Tavuk<\/a><\/span>\r\n                        \t<a href=\"http:\/\/www.transmedgida.com\/index.php\/service\/tavada-tavuk-erzurum\/\">Tavada Tavuk Erzurum<\/a><\/h3><\/div>\r\n\r\n                        <div class=\"service-content\">\r\n                        \t<div class=\"service-excerpt\">\r\n\t                        \t<p class=\"excerpt-content\">[vc_row css=&#8221;.vc_custom_1544188790515{margin-top: 0px !important;padding-bottom: 70px !important;}&#8221;][vc_column width=&#8221;1\/4&#8243; el_id=&#8221;sidebar-services&#8221; css=&#8221;.vc_custom_1544251415357{padding-right: 30px !important;}&#8221;][vc_empty_space][\/vc_column][vc_column width=&#8221;3\/4&#8243;][vc_column_text] TAVADA TAVU\u011eUN H\u0130KAYES\u0130 2014 y\u0131l\u0131nda Atanet LTD. \u015eT\u0130. taraf\u0131ndan kurulan...<\/p>\r\n\t                            <div class=\"service-button\"><a href=\"http:\/\/www.transmedgida.com\/index.php\/service\/tavada-tavuk-erzurum\/\" class=\"readon rs_button\">Detaylar<\/a><\/div>\r\n                            <\/div>\r\n                        <\/div>\r\n                    <\/div>\r\n                <\/div>\r\n\t\t\t\t\r\n\t\t\t\t<div class=\"col-md-4  col-xs-6 grid-item mb-30 \">\r\n                    <div class=\"service-item content-overlay\">\r\n                        <div class=\"service-img\">\r\n\r\n                        \t<img decoding=\"async\" src=\"http:\/\/www.transmedgida.com\/wp-content\/uploads\/2020\/08\/LRWVD_SQ7_0000000004_BLACK_DVvL.jpeg\" alt=\"Beko Tekman\" \/><h3 class=\"p-title\">\r\n                        \t<span class=\"show_cate_ser\"> <a href=\"http:\/\/www.transmedgida.com\/index.php\/service-category\/beko-tekman\/\" rel=\"tag\">Beko<\/a><\/span>\r\n                        \t<a href=\"http:\/\/www.transmedgida.com\/index.php\/service\/beko-tekman\/\">Beko Tekman<\/a><\/h3><\/div>\r\n\r\n                        <div class=\"service-content\">\r\n                        \t<div class=\"service-excerpt\">\r\n\t                        \t<p class=\"excerpt-content\">[vc_row css=&#8221;.vc_custom_1544188790515{margin-top: 0px !important;padding-bottom: 70px !important;}&#8221;][vc_column width=&#8221;1\/4&#8243; el_id=&#8221;sidebar-services&#8221; css=&#8221;.vc_custom_1544251415357{padding-right: 30px !important;}&#8221;][vc_empty_space][\/vc_column][vc_column width=&#8221;3\/4&#8243;][vc_column_text]T\u00fcrkiye&#8217;nin yeni yeni sanayile\u015fmeye ba\u015flad\u0131\u011f\u0131 1950&#8217;li y\u0131llarda, Ko\u00e7 Holding&#8217;in kurucusu Vehbi...<\/p>\r\n\t                            <div class=\"service-button\"><a href=\"http:\/\/www.transmedgida.com\/index.php\/service\/beko-tekman\/\" class=\"readon rs_button\">Detaylar<\/a><\/div>\r\n                            <\/div>\r\n                        <\/div>\r\n                    <\/div>\r\n                <\/div>\r\n\t\t\t\t\r\n\t\t\t\t<div class=\"col-md-4  col-xs-6 grid-item mb-30 \">\r\n                    <div class=\"service-item content-overlay\">\r\n                        <div class=\"service-img\">\r\n\r\n                        \t<img decoding=\"async\" src=\"http:\/\/www.transmedgida.com\/wp-content\/uploads\/2020\/08\/Aygaz-Otogaz-ile-Foto-1.jpg\" alt=\"Aygaz Tekman\" \/><h3 class=\"p-title\">\r\n                        \t<span class=\"show_cate_ser\"> <a href=\"http:\/\/www.transmedgida.com\/index.php\/service-category\/aygaz-tekman\/\" rel=\"tag\">Aygaz<\/a><\/span>\r\n                        \t<a href=\"http:\/\/www.transmedgida.com\/index.php\/service\/aygaz-tekman\/\">Aygaz Tekman<\/a><\/h3><\/div>\r\n\r\n                        <div class=\"service-content\">\r\n                        \t<div class=\"service-excerpt\">\r\n\t                        \t<p class=\"excerpt-content\">[vc_row css=&#8221;.vc_custom_1544188790515{margin-top: 0px !important;padding-bottom: 70px !important;}&#8221;][vc_column width=&#8221;1\/4&#8243; el_id=&#8221;sidebar-services&#8221; css=&#8221;.vc_custom_1544251415357{padding-right: 30px !important;}&#8221;][vc_empty_space][\/vc_column][vc_column width=&#8221;3\/4&#8243;][vc_column_text]1961 y\u0131l\u0131nda kurulan Aygaz, LPG\u2019nin temini, stoklanmas\u0131, dolumu ve LPG\u2019li cihaz...<\/p>\r\n\t                            <div class=\"service-button\"><a href=\"http:\/\/www.transmedgida.com\/index.php\/service\/aygaz-tekman\/\" class=\"readon rs_button\">Detaylar<\/a><\/div>\r\n                            <\/div>\r\n                        <\/div>\r\n                    <\/div>\r\n                <\/div>\r\n\t\t\t\t\r\n\t\t\t\t<div class=\"col-md-4  col-xs-6 grid-item mb-30 \">\r\n                    <div class=\"service-item content-overlay\">\r\n                        <div class=\"service-img\">\r\n\r\n                        \t<img decoding=\"async\" src=\"http:\/\/www.transmedgida.com\/wp-content\/uploads\/2020\/08\/serdar-hakan-duzgoren-5.jpg\" alt=\"\u0130stikbal Tekman\" \/><h3 class=\"p-title\">\r\n                        \t<span class=\"show_cate_ser\"> <a href=\"http:\/\/www.transmedgida.com\/index.php\/service-category\/istikbal\/\" rel=\"tag\">\u0130stikbal<\/a><\/span>\r\n                        \t<a href=\"http:\/\/www.transmedgida.com\/index.php\/service\/istikbal-tekman\/\">\u0130stikbal Tekman<\/a><\/h3><\/div>\r\n\r\n                        <div class=\"service-content\">\r\n                        \t<div class=\"service-excerpt\">\r\n\t                        \t<p class=\"excerpt-content\">[vc_row css=&#8221;.vc_custom_1544188790515{margin-top: 0px !important;padding-bottom: 70px !important;}&#8221;][vc_column width=&#8221;1\/4&#8243; el_id=&#8221;sidebar-services&#8221; css=&#8221;.vc_custom_1544251415357{padding-right: 30px !important;}&#8221;][vc_empty_space][\/vc_column][vc_column width=&#8221;3\/4&#8243;][vc_column_text]1957 y\u0131l\u0131ndan bu yana, y\u0131llar\u0131n tecr\u00fcbesi ve 60 y\u0131ll\u0131k ba\u015far\u0131 hikayesi...<\/p>\r\n\t                            <div class=\"service-button\"><a href=\"http:\/\/www.transmedgida.com\/index.php\/service\/istikbal-tekman\/\" class=\"readon rs_button\">Detaylar<\/a><\/div>\r\n                            <\/div>\r\n                        <\/div>\r\n                    <\/div>\r\n                <\/div>\r\n\t\t\t\t\r\n\t\t\t\t<div class=\"col-md-4  col-xs-6 grid-item mb-30 \">\r\n                    <div class=\"service-item content-overlay\">\r\n                        <div class=\"service-img\">\r\n\r\n                        \t<img decoding=\"async\" src=\"http:\/\/www.transmedgida.com\/wp-content\/uploads\/2020\/08\/NzczMzEyMD-bim-golf-dondurmaya-talip.jpg\" alt=\"Golf Dondurma\" \/><h3 class=\"p-title\">\r\n                        \t<span class=\"show_cate_ser\"> <a href=\"http:\/\/www.transmedgida.com\/index.php\/service-category\/golf\/\" rel=\"tag\">Golf<\/a><\/span>\r\n                        \t<a href=\"http:\/\/www.transmedgida.com\/index.php\/service\/golf-dondurma\/\">Golf Dondurma<\/a><\/h3><\/div>\r\n\r\n                        <div class=\"service-content\">\r\n                        \t<div class=\"service-excerpt\">\r\n\t                        \t<p class=\"excerpt-content\">[vc_row css=&#8221;.vc_custom_1544188790515{margin-top: 0px !important;padding-bottom: 70px !important;}&#8221;][vc_column width=&#8221;1\/4&#8243; el_id=&#8221;sidebar-services&#8221; css=&#8221;.vc_custom_1544251415357{padding-right: 30px !important;}&#8221;][vc_empty_space][\/vc_column][vc_column width=&#8221;3\/4&#8243;][vc_column_text]Golf Dondurma, 2003 y\u0131l\u0131nda Bursa Fabrikas\u0131\u2019nda 10 milyon litre kapasitesiyle \u00fcretime...<\/p>\r\n\t                            <div class=\"service-button\"><a href=\"http:\/\/www.transmedgida.com\/index.php\/service\/golf-dondurma\/\" class=\"readon rs_button\">Detaylar<\/a><\/div>\r\n                            <\/div>\r\n                        <\/div>\r\n                    <\/div>\r\n                <\/div>\r\n\t\t\t\t\r\n\t\t\t\t<div class=\"col-md-4  col-xs-6 grid-item mb-30 \">\r\n                    <div class=\"service-item content-overlay\">\r\n                        <div class=\"service-img\">\r\n\r\n                        \t<img decoding=\"async\" src=\"http:\/\/www.transmedgida.com\/wp-content\/uploads\/2020\/08\/16.jpg\" alt=\"Tad\u0131m\" \/><h3 class=\"p-title\">\r\n                        \t<span class=\"show_cate_ser\"> <a href=\"http:\/\/www.transmedgida.com\/index.php\/service-category\/tadim\/\" rel=\"tag\">Tad\u0131m<\/a><\/span>\r\n                        \t<a href=\"http:\/\/www.transmedgida.com\/index.php\/service\/tadim\/\">Tad\u0131m<\/a><\/h3><\/div>\r\n\r\n                        <div class=\"service-content\">\r\n                        \t<div class=\"service-excerpt\">\r\n\t                        \t<p class=\"excerpt-content\">[vc_row css=&#8221;.vc_custom_1544188790515{margin-top: 0px !important;padding-bottom: 70px !important;}&#8221;][vc_column width=&#8221;1\/4&#8243; el_id=&#8221;sidebar-services&#8221; css=&#8221;.vc_custom_1544251415357{padding-right: 30px !important;}&#8221;][vc_empty_space][\/vc_column][vc_column width=&#8221;3\/4&#8243;][vc_column_text]T\u00fcrkiye\u2019nin lider paketli kuruyemi\u015f markas\u0131 Tad\u0131m, Mehmet Tekinalp taraf\u0131ndan 1971 y\u0131l\u0131nda...<\/p>\r\n\t                            <div class=\"service-button\"><a href=\"http:\/\/www.transmedgida.com\/index.php\/service\/tadim\/\" class=\"readon rs_button\">Detaylar<\/a><\/div>\r\n                            <\/div>\r\n                        <\/div>\r\n                    <\/div>\r\n                <\/div><\/div>\r\n\t\t<\/div>\r\n\t\t<\/div>[\/vc_column_inner][\/vc_row_inner]<div class=\"rs-partner  \">           \r\n\t\t\t\t\t<div class=\"partner-carousel owl-carousel\" data-carousel-options=\"{&quot;nav&quot;:true,&quot;navText&quot;:[&quot;&lt;i class=&#039;fa fa-angle-left&#039;&gt;&lt;\\\/i&gt;&quot;,&quot;&lt;i class=&#039;fa fa-angle-right&#039;&gt;&lt;\\\/i&gt;&quot;],&quot;dots&quot;:false,&quot;autoplay&quot;:true,&quot;autoplayTimeout&quot;:&quot;5000&quot;,&quot;autoplaySpeed&quot;:&quot;200&quot;,&quot;autoplayHoverPause&quot;:true,&quot;loop&quot;:true,&quot;margin&quot;:30,&quot;responsive&quot;:{&quot;0&quot;:{&quot;items&quot;:&quot;1&quot;},&quot;480&quot;:{&quot;items&quot;:&quot;2&quot;},&quot;768&quot;:{&quot;items&quot;:&quot;3&quot;},&quot;992&quot;:{&quot;items&quot;:&quot;6&quot;},&quot;1200&quot;:{&quot;items&quot;:&quot;6&quot;}}}\"><div class=\"partner-item\">\r\n\t\t\t\t<a href=\"\" target=\"_blank\"><img decoding=\"async\" src=\"http:\/\/www.transmedgida.com\/wp-content\/uploads\/2018\/11\/6-1.png\" alt=\"tavadatavuk\"><\/a>\r\n\t\t\t\t<\/div><div class=\"partner-item\">\r\n\t\t\t\t<a href=\"\" target=\"_blank\"><img decoding=\"async\" src=\"http:\/\/www.transmedgida.com\/wp-content\/uploads\/2018\/11\/1-1.png\" alt=\"aygaz\"><\/a>\r\n\t\t\t\t<\/div><div class=\"partner-item\">\r\n\t\t\t\t<a href=\"\" target=\"_blank\"><img decoding=\"async\" src=\"http:\/\/www.transmedgida.com\/wp-content\/uploads\/2018\/11\/5-2.png\" alt=\"istikbal\"><\/a>\r\n\t\t\t\t<\/div><div class=\"partner-item\">\r\n\t\t\t\t<a href=\"\" target=\"_blank\"><img decoding=\"async\" src=\"http:\/\/www.transmedgida.com\/wp-content\/uploads\/2018\/11\/4.png\" alt=\"beko\"><\/a>\r\n\t\t\t\t<\/div><div class=\"partner-item\">\r\n\t\t\t\t<a href=\"\" target=\"_blank\"><img decoding=\"async\" src=\"http:\/\/www.transmedgida.com\/wp-content\/uploads\/2020\/07\/7.png\" alt=\"coca cola\"><\/a>\r\n\t\t\t\t<\/div><\/div>\r\n\t<\/div>[\/vc_column][\/vc_row]<\/p>\n","protected":false},"excerpt":{"rendered":"<p>[vc_row css=&#8221;.vc_custom_1544250760962{padding-top: 90px !important;padding-bottom: 70px !important;}&#8221;][vc_column][vc_row_inner][vc_column_inner][\/vc_column_inner][\/vc_row_inner][\/vc_column]&#8230;<\/p>\n","protected":false},"author":1,"featured_media":0,"parent":0,"menu_order":0,"comment_status":"closed","ping_status":"closed","template":"","meta":{"footnotes":""},"class_list":["post-2688","page","type-page","status-publish","hentry"],"_links":{"self":[{"href":"http:\/\/www.transmedgida.com\/index.php\/wp-json\/wp\/v2\/pages\/2688"}],"collection":[{"href":"http:\/\/www.transmedgida.com\/index.php\/wp-json\/wp\/v2\/pages"}],"about":[{"href":"http:\/\/www.transmedgida.com\/index.php\/wp-json\/wp\/v2\/types\/page"}],"author":[{"embeddable":true,"href":"http:\/\/www.transmedgida.com\/index.php\/wp-json\/wp\/v2\/users\/1"}],"replies":[{"embeddable":true,"href":"http:\/\/www.transmedgida.com\/index.php\/wp-json\/wp\/v2\/comments?post=2688"}],"version-history":[{"count":4,"href":"http:\/\/www.transmedgida.com\/index.php\/wp-json\/wp\/v2\/pages\/2688\/revisions"}],"predecessor-version":[{"id":3905,"href":"http:\/\/www.transmedgida.com\/index.php\/wp-json\/wp\/v2\/pages\/2688\/revisions\/3905"}],"wp:attachment":[{"href":"http:\/\/www.transmedgida.com\/index.php\/wp-json\/wp\/v2\/media?parent=2688"}],"curies":[{"name":"wp","href":"https:\/\/api.w.org\/{rel}","templated":true}]}}