{"id":1739,"date":"2018-11-17T04:41:46","date_gmt":"2018-11-17T04:41:46","guid":{"rendered":"http:\/\/192.168.0.250\/business\/?page_id=1739"},"modified":"2020-08-27T10:03:54","modified_gmt":"2020-08-27T10:03:54","slug":"hakkimizda","status":"publish","type":"page","link":"http:\/\/www.transmedgida.com\/index.php\/hakkimizda\/","title":{"rendered":"Hakk\u0131m\u0131zda"},"content":{"rendered":"<p>[vc_row full_width=&#8221;stretch_row&#8221; equal_height=&#8221;yes&#8221; content_placement=&#8221;middle&#8221; css=&#8221;.vc_custom_1544187967430{padding-top: 100px !important;padding-bottom: 100px !important;}&#8221;][vc_column width=&#8221;1\/2&#8243; css=&#8221;.vc_custom_1595938047187{background-image: url(http:\/\/www.transmedgida.com\/wp-content\/uploads\/2020\/07\/WhatsApp-Image-2020-07-28-at-13.12.34-1.jpeg?id=3851) !important;background-position: center !important;background-repeat: no-repeat !important;background-size: cover !important;}&#8221;][\/vc_column][vc_column width=&#8221;1\/2&#8243; css=&#8221;.vc_custom_1544187579622{margin-bottom: 0px !important;border-bottom-width: 0px !important;padding-left: 70px !important;}&#8221;]\r\n        <div class=\"rs-heading   vc_custom_1595938123687  \">\r\n        \t<div class=\"title-inner\">\r\n\t            <span style=\"color: #28406d\" class=\"sub-text\">[Hakk\u0131m\u0131zda]<\/span>\r\n\t            <h2 class=\"title\">\u0130\u015finizi b\u00fcy\u00fctmenize yard\u0131mc\u0131 oluyoruz.<\/h2>\r\n\t            \r\n\t        <\/div><div class=\"description\"><p >Erzurum ilinde Coca Cola B\u00f6lge Bayi \u2013 Tad\u0131m\u00a0 ve Golf Da\u011f\u0131t\u0131m a\u011f\u0131ndan sorumludur. Erzurum MNG AVM Tavada Tavuk ve Tekman il\u00e7esinde Aygaz \u2013 \u0130stikbal \u2013 Beko bayilikleri \u015firketimiz b\u00fcnyesinde s\u00fcrd\u00fcr\u00fclmektedir.<\/p><\/div><\/div>[vc_row_inner css=&#8221;.vc_custom_1544187625401{margin-top: -50px !important;padding-top: 0px !important;background-color: #ffffff !important;}&#8221;][vc_column_inner width=&#8221;1\/3&#8243; css=&#8221;.vc_custom_1544187531101{margin-top: 0px !important;padding-top: 0px !important;}&#8221;]\n    <div class=\"counter-top-area left \"   >\n\n    <div class=\"rs-counter-list\">\n        \n    <div class=\"count-text\"><div style=\"margin-top:0px; margin-bottom:4px; color:#e2c60c\" class=\"count-number\">\n    <span style=\"font-size:50px; line-height:50px; color:#e2c60c\" class=\"rs-counter\"> 1851<\/span> <span style=\"color:#e2c60c\"><\/span><\/div>         \n        <h4  style=\"color: #28406d\"><span  style=\"font-size: 20px; line-height: 20px!important\">M\u00fc\u015fteri<\/span><\/h4><\/div>\n    <\/div><\/div>[\/vc_column_inner][vc_column_inner width=&#8221;1\/3&#8243; css=&#8221;.vc_custom_1544187538606{margin-top: 0px !important;padding-top: 0px !important;}&#8221;]\n    <div class=\"counter-top-area left \"   >\n\n    <div class=\"rs-counter-list\">\n        \n    <div class=\"count-text\"><div style=\"margin-top:0px; margin-bottom:4px; color:#e2c60c\" class=\"count-number\">\n    <span style=\"font-size:50px; line-height:50px; color:#e2c60c\" class=\"rs-counter\"> 22<\/span> <span style=\"color:#e2c60c\"><span style=\"font-size:15px; line-height:15px\">Y\u0131l<\/span><\/span><\/div>         \n        <h4  style=\"color: #28406d\"><span  style=\"font-size: 20px; line-height: 20px!important\">Deneyim<\/span><\/h4><\/div>\n    <\/div><\/div>[\/vc_column_inner][vc_column_inner width=&#8221;1\/3&#8243; css=&#8221;.vc_custom_1544187546838{margin-top: 0px !important;padding-top: 0px !important;}&#8221;]\n    <div class=\"counter-top-area left \"   >\n\n    <div class=\"rs-counter-list\">\n        \n    <div class=\"count-text\"><div style=\"margin-top:0px; margin-bottom:4px; color:#e2c60c\" class=\"count-number\">\n    <span style=\"font-size:50px; line-height:50px; color:#e2c60c\" class=\"rs-counter\"> 2154<\/span> <span style=\"color:#e2c60c\"><\/span><\/div>         \n        <h4  style=\"color: #28406d\"><span  style=\"font-size: 20px; line-height: 20px!important\">Tamamlanan \u0130\u015f<\/span><\/h4><\/div>\n    <\/div><\/div>[\/vc_column_inner][\/vc_row_inner][\/vc_column][\/vc_row][vc_row full_width=&#8221;stretch_row&#8221; css=&#8221;.vc_custom_1543210890329{padding-top: 60px !important;padding-bottom: 120px !important;background-color: #f4f7fc !important;}&#8221;][vc_column]\r\n        <div class=\"rs-heading    text-center\">\r\n        \t<div class=\"title-inner\">\r\n\t            <span style=\"color: #28406d\" class=\"sub-text\">[G\u00f6r\u00fc\u015fler]<\/span>\r\n\t            <h2 class=\"title\" style=\"color: #28406d !important\">Bizim i\u00e7in \u00f6nemli<\/h2>\r\n\t            \r\n\t        <\/div><div class=\"description\"><p >Alan\u0131nda uzman kadromuzla sizlerin g\u00f6r\u00fc\u015fleri bizler i\u00e7in \u00f6nemli.<\/p><\/div><\/div><div id=\"cl-testimonial\" class=\"cl-testimonial cl-testimonial9  \">\r\n\t\t\t   \t\t<div class=\"container2 hide_arrow\">                \r\n\t\t\t\t\t\t<ul class=\"testimonial-slide9 slider9\"><li class=\"testimonial-item\">\r\n\t\t\t\t\t\t\t\t<div class=\"single-testimonial\">\t\t\t\t\t\t\t\t\r\n\t\t\t\t\t\t\t\t<div class=\"image-testimonial\"  style=\"color: #505050\">\r\n\t\t\t\t\t\t\t\t\t<p><i class=\"fa fa fa-quote-left\" style=\"color:#28406d\"><\/i> Kurumsal bir yap\u0131da olan Transmed hizmet noktas\u0131nda t\u00fcm problerimizi an\u0131nda \u00e7\u00f6z\u00fcme ula\u015ft\u0131rmaktad\u0131r.<\/p>\r\n\r\n\t\t\t\t\t\t\t\t\t<div class=\"testimonial-image\">\r\n\t\t\t\t\t\t\t\t\t\t<img decoding=\"async\" src=\"http:\/\/www.transmedgida.com\/wp-content\/uploads\/2020\/07\/favicon.png\" alt=\"Client Image\">\t\t\t\t\t\t\t\t\t\r\n\t\t\t\t\t\t\t\t\t<\/div>\r\n\t\t\t\t\t\t\t\t\t<ul class=\"cl-author-info\">\r\n\t\t\t\t\t\t\t\t\t\t<li  style=\"color: #28406d\">Y\u00f6netici<\/li>\r\n\t\t\t\t\t\t\t\t\t\t<li  style=\"color: #505050\">Manager<\/li><\/ul>\t\t\r\n\t\t\t\t\t\t\t\t<\/div>\r\n\t\t\t\t\t\t\t\t<\/div>\r\n\t\t\t\t\t\t\t\t<\/li><li class=\"testimonial-item\">\r\n\t\t\t\t\t\t\t\t<div class=\"single-testimonial\">\t\t\t\t\t\t\t\t\r\n\t\t\t\t\t\t\t\t<div class=\"image-testimonial\"  style=\"color: #505050\">\r\n\t\t\t\t\t\t\t\t\t<p><i class=\"fa fa fa-quote-left\" style=\"color:#28406d\"><\/i> Kurumsal bir yap\u0131da olan Transmed hizmet noktas\u0131nda t\u00fcm problerimizi an\u0131nda \u00e7\u00f6z\u00fcme ula\u015ft\u0131rmaktad\u0131r.<\/p>\r\n\r\n\t\t\t\t\t\t\t\t\t<div class=\"testimonial-image\">\r\n\t\t\t\t\t\t\t\t\t\t<img decoding=\"async\" src=\"http:\/\/www.transmedgida.com\/wp-content\/uploads\/2020\/07\/favicon.png\" alt=\"Client Image\">\t\t\t\t\t\t\t\t\t\r\n\t\t\t\t\t\t\t\t\t<\/div>\r\n\t\t\t\t\t\t\t\t\t<ul class=\"cl-author-info\">\r\n\t\t\t\t\t\t\t\t\t\t<li  style=\"color: #28406d\">Y\u00f6netici<\/li>\r\n\t\t\t\t\t\t\t\t\t\t<li  style=\"color: #505050\">Designer<\/li><\/ul>\t\t\r\n\t\t\t\t\t\t\t\t<\/div>\r\n\t\t\t\t\t\t\t\t<\/div>\r\n\t\t\t\t\t\t\t\t<\/li><li class=\"testimonial-item\">\r\n\t\t\t\t\t\t\t\t<div class=\"single-testimonial\">\t\t\t\t\t\t\t\t\r\n\t\t\t\t\t\t\t\t<div class=\"image-testimonial\"  style=\"color: #505050\">\r\n\t\t\t\t\t\t\t\t\t<p><i class=\"fa fa fa-quote-left\" style=\"color:#28406d\"><\/i> Kurumsal bir yap\u0131da olan Transmed hizmet noktas\u0131nda t\u00fcm problerimizi an\u0131nda \u00e7\u00f6z\u00fcme ula\u015ft\u0131rmaktad\u0131r.<\/p>\r\n\r\n\t\t\t\t\t\t\t\t\t<div class=\"testimonial-image\">\r\n\t\t\t\t\t\t\t\t\t\t<img decoding=\"async\" src=\"http:\/\/www.transmedgida.com\/wp-content\/uploads\/2020\/07\/favicon.png\" alt=\"Client Image\">\t\t\t\t\t\t\t\t\t\r\n\t\t\t\t\t\t\t\t\t<\/div>\r\n\t\t\t\t\t\t\t\t\t<ul class=\"cl-author-info\">\r\n\t\t\t\t\t\t\t\t\t\t<li  style=\"color: #28406d\">Y\u00f6netici<\/li>\r\n\t\t\t\t\t\t\t\t\t\t<li  style=\"color: #505050\">Manager<\/li><\/ul>\t\t\r\n\t\t\t\t\t\t\t\t<\/div>\r\n\t\t\t\t\t\t\t\t<\/div>\r\n\t\t\t\t\t\t\t\t<\/li><li class=\"testimonial-item\">\r\n\t\t\t\t\t\t\t\t<div class=\"single-testimonial\">\t\t\t\t\t\t\t\t\r\n\t\t\t\t\t\t\t\t<div class=\"image-testimonial\"  style=\"color: #505050\">\r\n\t\t\t\t\t\t\t\t\t<p><i class=\"fa fa fa-quote-left\" style=\"color:#28406d\"><\/i> Her zaman destek olan \u015firket y\u00f6neticilerimize ve ayn\u0131 zamanda \u00e7al\u0131\u015fan personellere te\u015fekk\u00fcrler.<\/p>\r\n\r\n\t\t\t\t\t\t\t\t\t<div class=\"testimonial-image\">\r\n\t\t\t\t\t\t\t\t\t\t<img decoding=\"async\" src=\"http:\/\/www.transmedgida.com\/wp-content\/uploads\/2020\/07\/favicon.png\" alt=\"Client Image\">\t\t\t\t\t\t\t\t\t\r\n\t\t\t\t\t\t\t\t\t<\/div>\r\n\t\t\t\t\t\t\t\t\t<ul class=\"cl-author-info\">\r\n\t\t\t\t\t\t\t\t\t\t<li  style=\"color: #28406d\">Y\u00f6netici<\/li>\r\n\t\t\t\t\t\t\t\t\t\t<li  style=\"color: #505050\">Founder<\/li><\/ul>\t\t\r\n\t\t\t\t\t\t\t\t<\/div>\r\n\t\t\t\t\t\t\t\t<\/div>\r\n\t\t\t\t\t\t\t\t<\/li><\/ul><\/div>\r\n\t\t\t<\/div>\r\n\t\t\t\t<style>\r\n\t\t\t\t\t#cl-testimonial ul.slick-dots li button{border:1px solid#28406d !important;}\r\n\t\t\t\t\t#cl-testimonial ul.slick-dots li button:hover{background:#28406d !important;}\r\n\t\t\t\t\t#cl-testimonial .slick-active button{background:#28406d !important;}\r\n\t\t\t\t<\/style>\r\n\t\t\t[\/vc_column][\/vc_row]<\/p>\n","protected":false},"excerpt":{"rendered":"<p>[vc_row full_width=&#8221;stretch_row&#8221; equal_height=&#8221;yes&#8221; content_placement=&#8221;middle&#8221; css=&#8221;.vc_custom_1544187967430{padding-top: 100px !important;padding-bottom: 100px !important;}&#8221;][vc_column width=&#8221;1\/2&#8243; css=&#8221;.vc_custom_1595938047187{background-image: url(http:\/\/www.transmedgida.com\/wp-content\/uploads\/2020\/07\/WhatsApp-Image-2020-07-28-at-13.12.34-1.jpeg?id=3851) !important;background-position: center !important;background-repeat: no-repeat !important;background-size: cover !important;}&#8221;][\/vc_column][vc_column width=&#8221;1\/2&#8243; css=&#8221;.vc_custom_1544187579622{margin-bottom: 0px&#8230;<\/p>\n","protected":false},"author":1,"featured_media":0,"parent":0,"menu_order":0,"comment_status":"closed","ping_status":"closed","template":"","meta":{"footnotes":""},"class_list":["post-1739","page","type-page","status-publish","hentry"],"_links":{"self":[{"href":"http:\/\/www.transmedgida.com\/index.php\/wp-json\/wp\/v2\/pages\/1739"}],"collection":[{"href":"http:\/\/www.transmedgida.com\/index.php\/wp-json\/wp\/v2\/pages"}],"about":[{"href":"http:\/\/www.transmedgida.com\/index.php\/wp-json\/wp\/v2\/types\/page"}],"author":[{"embeddable":true,"href":"http:\/\/www.transmedgida.com\/index.php\/wp-json\/wp\/v2\/users\/1"}],"replies":[{"embeddable":true,"href":"http:\/\/www.transmedgida.com\/index.php\/wp-json\/wp\/v2\/comments?post=1739"}],"version-history":[{"count":2,"href":"http:\/\/www.transmedgida.com\/index.php\/wp-json\/wp\/v2\/pages\/1739\/revisions"}],"predecessor-version":[{"id":3852,"href":"http:\/\/www.transmedgida.com\/index.php\/wp-json\/wp\/v2\/pages\/1739\/revisions\/3852"}],"wp:attachment":[{"href":"http:\/\/www.transmedgida.com\/index.php\/wp-json\/wp\/v2\/media?parent=1739"}],"curies":[{"name":"wp","href":"https:\/\/api.w.org\/{rel}","templated":true}]}}